{"id":326,"date":"2022-11-25T03:48:57","date_gmt":"2022-11-25T03:48:57","guid":{"rendered":"http:\/\/mujeres.org.ar\/?page_id=326"},"modified":"2022-11-25T04:02:20","modified_gmt":"2022-11-25T04:02:20","slug":"nuestro-trabajo","status":"publish","type":"page","link":"https:\/\/mujeres.org.ar\/?page_id=326","title":{"rendered":"Nuestro Trabajo"},"content":{"rendered":"\t\t<div data-elementor-type=\"wp-page\" data-elementor-id=\"326\" class=\"elementor elementor-326\" data-elementor-settings=\"[]\">\n\t\t\t\t\t\t<div class=\"elementor-inner\">\n\t\t\t\t\t\t\t<div class=\"elementor-section-wrap\">\n\t\t\t\t\t\t\t<section class=\"elementor-section elementor-top-section elementor-element elementor-element-bd2b55c elementor-section-boxed elementor-section-height-default elementor-section-height-default\" data-id=\"bd2b55c\" data-element_type=\"section\">\n\t\t\t\t\t\t<div class=\"elementor-container elementor-column-gap-default\">\n\t\t\t\t\t\t\t<div class=\"elementor-row\">\n\t\t\t\t\t<div class=\"aux-parallax-section elementor-column elementor-col-100 elementor-top-column elementor-element elementor-element-b13e365\" data-id=\"b13e365\" data-element_type=\"column\">\n\t\t\t<div class=\"elementor-column-wrap elementor-element-populated\">\n\t\t\t\t\t\t\t<div class=\"elementor-widget-wrap\">\n\t\t\t\t\t\t<div class=\"elementor-element elementor-element-0943505 elementor--h-position-center elementor--v-position-middle elementor-arrows-position-inside elementor-pagination-position-inside elementor-widget elementor-widget-slides\" data-id=\"0943505\" data-element_type=\"widget\" data-settings=\"{&quot;navigation&quot;:&quot;both&quot;,&quot;autoplay&quot;:&quot;yes&quot;,&quot;pause_on_hover&quot;:&quot;yes&quot;,&quot;pause_on_interaction&quot;:&quot;yes&quot;,&quot;autoplay_speed&quot;:5000,&quot;infinite&quot;:&quot;yes&quot;,&quot;transition&quot;:&quot;slide&quot;,&quot;transition_speed&quot;:500}\" data-widget_type=\"slides.default\">\n\t\t\t\t<div class=\"elementor-widget-container\">\n\t\t\t\t\t<div class=\"elementor-swiper\">\n\t\t\t<div class=\"elementor-slides-wrapper elementor-main-swiper swiper-container\" dir=\"ltr\" data-animation=\"fadeInUp\">\n\t\t\t\t<div class=\"swiper-wrapper elementor-slides\">\n\t\t\t\t\t<div class=\"elementor-repeater-item-4c19935 swiper-slide\"><div class=\"swiper-slide-bg\"><\/div><div class=\"elementor-background-overlay\"><\/div><div class=\"swiper-slide-inner\" ><div class=\"swiper-slide-contents\"><div class=\"elementor-slide-heading\">Nuestro Trabajo<\/div><\/div><\/div><\/div>\t\t\t\t<\/div>\n\t\t\t\t\t\t\t<\/div>\n\t\t<\/div>\n\t\t\t\t<\/div>\n\t\t\t\t<\/div>\n\t\t\t\t\t\t<\/div>\n\t\t\t\t\t<\/div>\n\t\t<\/div>\n\t\t\t\t\t\t\t\t<\/div>\n\t\t\t\t\t<\/div>\n\t\t<\/section>\n\t\t\t\t<section class=\"elementor-section elementor-top-section elementor-element elementor-element-d4dabcb elementor-section-boxed elementor-section-height-default elementor-section-height-default\" data-id=\"d4dabcb\" data-element_type=\"section\">\n\t\t\t\t\t\t<div class=\"elementor-container elementor-column-gap-default\">\n\t\t\t\t\t\t\t<div class=\"elementor-row\">\n\t\t\t\t\t<div class=\"aux-parallax-section elementor-column elementor-col-100 elementor-top-column elementor-element elementor-element-9f2792b\" data-id=\"9f2792b\" data-element_type=\"column\">\n\t\t\t<div class=\"elementor-column-wrap elementor-element-populated\">\n\t\t\t\t\t\t\t<div class=\"elementor-widget-wrap\">\n\t\t\t\t\t\t<div class=\"elementor-element elementor-element-ad1e9fc elementor-widget elementor-widget-text-editor\" data-id=\"ad1e9fc\" data-element_type=\"widget\" data-widget_type=\"text-editor.default\">\n\t\t\t\t<div class=\"elementor-widget-container\">\n\t\t\t\t\t<div class=\"elementor-text-editor elementor-clearfix\"><p>La Sociedad sabe que para erradicar la violencia de g\u00e9nero es imprescindible un cambio<br \/>cultural, pero tambi\u00e9n estructural entonces \u00bfc\u00f3mo la sociedad puede contribuir a disminuir la<br \/>violencia estructural? Un buen punto de inicio es el reconocimiento de los efectos negativos de<br \/>ciertas normas sociales. Desafiar, las convicciones y convenciones que promueven la violencia<br \/>estructural en nuestra sociedad puede generar el cambio necesario hacia un contexto m\u00e1s<br \/>inclusivo. Y a nivel colectivo, los movimientos sociales pueden promover e idealmente iniciar<br \/>los cambios que sean de beneficio a toda la poblaci\u00f3n, sin exclusiones de ning\u00fan tipo.<\/p><p>Al mismo tiempo, debemos ser conscientes que toda modificaci\u00f3n a las normas sociales es<br \/>objeto de alg\u00fan grado de resistencia pues esto podr\u00eda afectar los intereses de minor\u00edas con<br \/>poder, generalmente poder econ\u00f3mico o pol\u00edtico. A pesar de ello, promover estos cambios,<br \/>desde el nivel individual y colectivo, es importante para lograr la meta final de la erradicaci\u00f3n<br \/>de la violencia estructural. Pero hasta lograrlo el estado debe asistir y acompa\u00f1ar de manera<br \/>efectiva a quienes est\u00e9n en esa situaci\u00f3n. Las mujeres, las ni\u00f1as, los ni\u00f1os, las compa\u00f1eras<br \/>trans contin\u00faan ingresando en esta triste estad\u00edstica cuyas cifras no descienden<br \/>independientemente del color partidario de quienes nos gobiernan.<\/p><p>La dolorosa realidad que muestran los n\u00fameros sostenidos en el tiempo, conforma una<br \/>problem\u00e1tica estructural que excede los vaivenes de la pol\u00edtica y la econom\u00eda de nuestro pa\u00eds.<br \/>Esto implica la necesidad de cambios urgentes, dr\u00e1sticos, federales e interdisciplinarios en el<br \/>abordaje de las violencias que, como decimos cada mes, son multicausales.<\/p><p>Si bien las desigualdades y los problemas que vivimos como sociedad nos afectan en forma<br \/>transversal, la violencia de g\u00e9nero se mantiene como una constante, independientemente de<br \/>las circunstancias pol\u00edticas. El patriarcado sobrevive a\u00f1o tras a\u00f1o a trav\u00e9s de sus expresiones<br \/>m\u00e1s crueles: los femicidios, la trata, los abusos sexuales.<\/p><p>Por esto, continuamos exigiendo una mayor protecci\u00f3n y acompa\u00f1amiento a quienes<br \/>denuncian, un seguimiento efectivo de las medidas cautelares dictadas y un exhaustivo<br \/>relevamiento sobre la ejecuci\u00f3n de la Ley de Educaci\u00f3n Sexual Integral que trabaja en la<br \/>prevenci\u00f3n y el cambio cultural y estructural necesarios para la erradicaci\u00f3n de la violencia de<br \/>g\u00e9nero en nuestra sociedad.<\/p><p>Se puede salir de situaciones de violencia si construimos redes de contenci\u00f3n y aplicamos<br \/>pol\u00edticas p\u00fablicas que respondan a las leyes existentes para lograr, de una vez por todas,<br \/>disminuir los \u00edndices de violencia sexista en nuestro pa\u00eds.<\/p><\/div>\n\t\t\t\t<\/div>\n\t\t\t\t<\/div>\n\t\t\t\t\t\t<\/div>\n\t\t\t\t\t<\/div>\n\t\t<\/div>\n\t\t\t\t\t\t\t\t<\/div>\n\t\t\t\t\t<\/div>\n\t\t<\/section>\n\t\t\t\t<section class=\"elementor-section elementor-top-section elementor-element elementor-element-ac148fb elementor-section-boxed elementor-section-height-default elementor-section-height-default\" data-id=\"ac148fb\" data-element_type=\"section\">\n\t\t\t\t\t\t<div class=\"elementor-container elementor-column-gap-default\">\n\t\t\t\t\t\t\t<div class=\"elementor-row\">\n\t\t\t\t\t<div class=\"aux-parallax-section elementor-column elementor-col-100 elementor-top-column elementor-element elementor-element-79df17a\" data-id=\"79df17a\" data-element_type=\"column\">\n\t\t\t<div class=\"elementor-column-wrap elementor-element-populated\">\n\t\t\t\t\t\t\t<div class=\"elementor-widget-wrap\">\n\t\t\t\t\t\t<div class=\"elementor-element elementor-element-4a94793 elementor-widget elementor-widget-heading\" data-id=\"4a94793\" data-element_type=\"widget\" data-widget_type=\"heading.default\">\n\t\t\t\t<div class=\"elementor-widget-container\">\n\t\t\t<h4 class=\"elementor-heading-title elementor-size-default\">Seguiremos trabajando con nuestra Campa\u00f1a de Concientizaci\u00f3n<\/h4>\t\t<\/div>\n\t\t\t\t<\/div>\n\t\t\t\t<div class=\"elementor-element elementor-element-f0c6538 elementor-widget elementor-widget-heading\" data-id=\"f0c6538\" data-element_type=\"widget\" data-widget_type=\"heading.default\">\n\t\t\t\t<div class=\"elementor-widget-container\">\n\t\t\t<h2 class=\"elementor-heading-title elementor-size-default\">El amor no duele<\/h2>\t\t<\/div>\n\t\t\t\t<\/div>\n\t\t\t\t\t\t<\/div>\n\t\t\t\t\t<\/div>\n\t\t<\/div>\n\t\t\t\t\t\t\t\t<\/div>\n\t\t\t\t\t<\/div>\n\t\t<\/section>\n\t\t\t\t\t\t<\/div>\n\t\t\t\t\t\t<\/div>\n\t\t\t\t\t<\/div>\n\t\t","protected":false},"excerpt":{"rendered":"<p>Nuestro Trabajo La Sociedad sabe que para erradicar la violencia de g\u00e9nero es imprescindible un cambiocultural, pero tambi\u00e9n estructural entonces \u00bfc\u00f3mo la sociedad puede contribuir a disminuir laviolencia estructural? Un buen punto de inicio es el reconocimiento de los efectos negativos deciertas normas sociales. Desafiar, las convicciones y convenciones que promueven la violenciaestructural en nuestra [&hellip;]<\/p>\n","protected":false},"author":1,"featured_media":0,"parent":0,"menu_order":0,"comment_status":"closed","ping_status":"closed","template":"","meta":[],"_links":{"self":[{"href":"https:\/\/mujeres.org.ar\/index.php?rest_route=\/wp\/v2\/pages\/326"}],"collection":[{"href":"https:\/\/mujeres.org.ar\/index.php?rest_route=\/wp\/v2\/pages"}],"about":[{"href":"https:\/\/mujeres.org.ar\/index.php?rest_route=\/wp\/v2\/types\/page"}],"author":[{"embeddable":true,"href":"https:\/\/mujeres.org.ar\/index.php?rest_route=\/wp\/v2\/users\/1"}],"replies":[{"embeddable":true,"href":"https:\/\/mujeres.org.ar\/index.php?rest_route=%2Fwp%2Fv2%2Fcomments&post=326"}],"version-history":[{"count":7,"href":"https:\/\/mujeres.org.ar\/index.php?rest_route=\/wp\/v2\/pages\/326\/revisions"}],"predecessor-version":[{"id":333,"href":"https:\/\/mujeres.org.ar\/index.php?rest_route=\/wp\/v2\/pages\/326\/revisions\/333"}],"wp:attachment":[{"href":"https:\/\/mujeres.org.ar\/index.php?rest_route=%2Fwp%2Fv2%2Fmedia&parent=326"}],"curies":[{"name":"wp","href":"https:\/\/api.w.org\/{rel}","templated":true}]}}